{"id":2,"date":"2022-03-21T14:35:10","date_gmt":"2022-03-21T14:35:10","guid":{"rendered":"http:\/\/testebresztostudio.hu\/?page_id=2"},"modified":"2022-03-22T19:04:56","modified_gmt":"2022-03-22T19:04:56","slug":"ez-egy-minta-oldal","status":"publish","type":"page","link":"https:\/\/testebresztostudio.hu\/","title":{"rendered":"Home"},"content":{"rendered":"\n<div style=\"height:40px\" aria-hidden=\"true\" class=\"wp-block-spacer\"><\/div>\n\n\n\n<p class=\"has-text-align-center has-x-large-font-size\"><strong>TEST \u00c9S L\u00c9LEK MEG\u00daJUL\u00c1SA SZEKSZ\u00c1RD SZ\u00cdV\u00c9BEN!<\/strong><\/p>\n\n\n\n<p class=\"has-text-align-center\" style=\"font-size:28px\">SPEEDFITNESS \u00c9S INFRABICIKLI ST\u00daDI\u00d3<\/p>\n\n\n\n<p class=\"has-text-align-center has-vivid-cyan-blue-color has-text-color has-x-large-font-size\" style=\"font-style:normal;font-weight:500\"><strong>Szeksz\u00e1rd Wossinszky ltp. 34.<\/strong><\/p>\n\n\n\n<p class=\"has-text-align-center\"><strong><em>Feszes test, lapos has, gy\u00f6ny\u00f6r\u0171 tart\u00e1s, er\u0151nl\u00e9t \u00e9s vitalit\u00e1s&#8230; \u00c9vek helyett n\u00e9h\u00e1ny h\u00f3nap, \u00f3r\u00e1k helyett ak\u00e1r heti 15 perc!<\/em><\/strong><\/p>\n\n\n\n<div style=\"height:50px\" aria-hidden=\"true\" class=\"wp-block-spacer\"><\/div>\n\n\n\n<hr class=\"wp-block-separator is-style-wide\"\/>\n\n\n\n<p class=\"has-text-align-center has-large-font-size\"><strong>G\u00c9PEINK<\/strong><\/p>\n\n\n\n<div class=\"wp-block-media-text alignwide has-media-on-the-right is-stacked-on-mobile\" style=\"grid-template-columns:auto 52%\"><figure class=\"wp-block-media-text__media\"><img loading=\"lazy\" decoding=\"async\" width=\"564\" height=\"442\" src=\"https:\/\/testebresztostudio.hu\/wp-content\/uploads\/2022\/03\/speedfitness_1__2_-removebg-preview.png\" alt=\"\" class=\"wp-image-205 size-full\" srcset=\"https:\/\/testebresztostudio.hu\/wp-content\/uploads\/2022\/03\/speedfitness_1__2_-removebg-preview.png 564w, https:\/\/testebresztostudio.hu\/wp-content\/uploads\/2022\/03\/speedfitness_1__2_-removebg-preview-300x235.png 300w\" sizes=\"auto, (max-width: 564px) 100vw, 564px\" \/><\/figure><div class=\"wp-block-media-text__content\">\n<p class=\"has-text-align-center has-large-font-size\">SPEEDFITNESS<\/p>\n\n\n\n<p class=\"has-text-align-center\">hglksjdfghlksjfdghlksjdfhgklsjdfghlksdfghkjldsfghklsdjfghlksdjfghlksdjfghlksdjfghlksdjfghklsjdfghlksdjfghlksdjfghlksdjfghlksdjfghlksdjfghlksdjfg<\/p>\n<\/div><\/div>\n\n\n\n<div style=\"height:100px\" aria-hidden=\"true\" class=\"wp-block-spacer\"><\/div>\n\n\n\n<div class=\"wp-block-media-text alignwide has-media-on-the-right is-stacked-on-mobile\" style=\"grid-template-columns:auto 46%\"><figure class=\"wp-block-media-text__media\"><img loading=\"lazy\" decoding=\"async\" width=\"455\" height=\"548\" src=\"https:\/\/testebresztostudio.hu\/wp-content\/uploads\/2022\/03\/2-removebg-preview.png\" alt=\"\" class=\"wp-image-111 size-medium\" srcset=\"https:\/\/testebresztostudio.hu\/wp-content\/uploads\/2022\/03\/2-removebg-preview.png 455w, https:\/\/testebresztostudio.hu\/wp-content\/uploads\/2022\/03\/2-removebg-preview-249x300.png 249w\" sizes=\"auto, (max-width: 455px) 100vw, 455px\" \/><\/figure><div class=\"wp-block-media-text__content\">\n<p class=\"has-text-align-center has-large-font-size\"><strong>GEOWAY 400 XL INFRAKER\u00c9KP\u00c1R<\/strong><\/p>\n\n\n\n<p class=\"has-text-align-center\"><em>Geoway infraker\u00e9kp\u00e1rainkkal az infrav\u00f6r\u00f6s sug\u00e1rz\u00e1s j\u00f3t\u00e9kony hat\u00e1sait haszn\u00e1lva alak\u00edthatjuk ki eg\u00e9szs\u00e9ges, sportos, fit form\u00e1nkat! Kiv\u00e1l\u00f3 alakform\u00e1l\u00f3 hat\u00e1sa mellett er\u0151s\u00edti az immunrendszert \u00e9s rendk\u00edv\u00fcli hat\u00e1st gyakorol vitalit\u00e1sunkra.<\/em><\/p>\n<\/div><\/div>\n","protected":false},"excerpt":{"rendered":"<p>TEST \u00c9S L\u00c9LEK MEG\u00daJUL\u00c1SA SZEKSZ\u00c1RD SZ\u00cdV\u00c9BEN! SPEEDFITNESS \u00c9S INFRABICIKLI ST\u00daDI\u00d3 Szeksz\u00e1rd Wossinszky ltp. 34. Feszes test, lapos has, gy\u00f6ny\u00f6r\u0171 tart\u00e1s, er\u0151nl\u00e9t \u00e9s vitalit\u00e1s&#8230; \u00c9vek helyett n\u00e9h\u00e1ny h\u00f3nap, \u00f3r\u00e1k helyett ak\u00e1r heti 15 perc! G\u00c9PEINK SPEEDFITNESS hglksjdfghlksjfdghlksjdfhgklsjdfghlksdfghkjldsfghklsdjfghlksdjfghlksdjfghlksdjfghlksdjfghklsjdfghlksdjfghlksdjfghlksdjfghlksdjfghlksdjfghlksdjfg GEOWAY 400 XL INFRAKER\u00c9KP\u00c1R Geoway infraker\u00e9kp\u00e1rainkkal az infrav\u00f6r\u00f6s sug\u00e1rz\u00e1s j\u00f3t\u00e9kony hat\u00e1sait haszn\u00e1lva alak\u00edthatjuk ki eg\u00e9szs\u00e9ges, sportos, fit form\u00e1nkat! Kiv\u00e1l\u00f3 [&hellip;]<\/p>\n","protected":false},"author":1,"featured_media":0,"parent":0,"menu_order":0,"comment_status":"closed","ping_status":"open","template":"","meta":{"spay_email":"","footnotes":""},"class_list":["post-2","page","type-page","status-publish","hentry"],"_links":{"self":[{"href":"https:\/\/testebresztostudio.hu\/index.php?rest_route=\/wp\/v2\/pages\/2","targetHints":{"allow":["GET"]}}],"collection":[{"href":"https:\/\/testebresztostudio.hu\/index.php?rest_route=\/wp\/v2\/pages"}],"about":[{"href":"https:\/\/testebresztostudio.hu\/index.php?rest_route=\/wp\/v2\/types\/page"}],"author":[{"embeddable":true,"href":"https:\/\/testebresztostudio.hu\/index.php?rest_route=\/wp\/v2\/users\/1"}],"replies":[{"embeddable":true,"href":"https:\/\/testebresztostudio.hu\/index.php?rest_route=%2Fwp%2Fv2%2Fcomments&post=2"}],"version-history":[{"count":67,"href":"https:\/\/testebresztostudio.hu\/index.php?rest_route=\/wp\/v2\/pages\/2\/revisions"}],"predecessor-version":[{"id":251,"href":"https:\/\/testebresztostudio.hu\/index.php?rest_route=\/wp\/v2\/pages\/2\/revisions\/251"}],"wp:attachment":[{"href":"https:\/\/testebresztostudio.hu\/index.php?rest_route=%2Fwp%2Fv2%2Fmedia&parent=2"}],"curies":[{"name":"wp","href":"https:\/\/api.w.org\/{rel}","templated":true}]}}